{"id":1581,"date":"2025-07-07T15:52:46","date_gmt":"2025-07-07T13:52:46","guid":{"rendered":"https:\/\/clever-pv.com\/?page_id=1581"},"modified":"2025-07-15T15:47:22","modified_gmt":"2025-07-15T13:47:22","slug":"barrierefreiheit","status":"publish","type":"page","link":"https:\/\/clever-pv.com\/en\/barrierefreiheit\/","title":{"rendered":"Barrierefreiheitserkl\u00e4rung"},"content":{"rendered":"<p><strong>clever-PV GmbH<br>Sebastian-Rieger-Stra\u00dfe 18<br>86899 Landsberg am Lech<\/strong><\/p>\n\n\n\n<p>clever-PV GmbH ist bestrebt, die App \u201cclever-PV\u201d sowie die Website <a href=\"https:\/\/clever-pv.com\/en\/\">www.clever-pv.com<\/a> in \u00dcbereinstimmung mit dem Barrierefreiheitsst\u00e4rkungsgesetz (BFSG) barrierefrei zug\u00e4nglich zu machen. Diese Erkl\u00e4rung zur Barrierefreiheit gilt f\u00fcr die Website <a href=\"https:\/\/clever-pv.com\/en\/\">www.clever-pv.com<\/a>, f\u00fcr die Webapp app.clever-pv.com sowie f\u00fcr die mobile App &#8222;clever-PV&#8220;.<\/p>\n\n\n\n<p>Stand: 07.07.2025<\/p>\n\n\n\n<h3 class=\"wp-block-heading\"><strong>Stand der Vereinbarkeit mit den Anforderungen f\u00fcr www.clever-pv.com<\/strong><\/h3>\n\n\n\n<p>Die Website www.clever-pv.com ist aufgrund der folgenden Unvereinbarkeiten und Ausnahmen teilweise mit dem Barrierefreiheitsst\u00e4rkungsgesetz (BFSG) vereinbar.<\/p>\n\n\n\n<p>Die nachstehend aufgef\u00fchrten Inhalte sind aus den folgenden Gr\u00fcnden nicht barrierefrei:<\/p>\n\n\n\n<p>Bilder ohne Alternativtext: Einige Bilder auf der Website haben keinen Alternativtext. Wir \u00fcberpr\u00fcfen und aktualisieren diese Inhalte laufend.<\/p>\n\n\n\n<p>Animationen ohne Alternativ-Text: die in der Website eingebundenen Animationen erhalten keinen Alternativ-Text, der im Reader angezeigt oder vorgelesen werden kann. Der Player der Animationen l\u00e4sst solche Texte nicht zu. Jedoch sind die Inhalte auch ohne diese Alternativ-Texte gest\u00e4ndlich, da die in der Animation gezeigten Inhalte auch im beistehenden Text erl\u00e4utert werden.<\/p>\n\n\n\n<p><strong>Barrieren aufgrund wirtschaftlicher Unzumutbarkeit<\/strong><\/p>\n\n\n\n<p>Einige Barrieren auf unserer Website bzw. in unserer App k\u00f6nnen aus Gr\u00fcnden der wirtschaftlichen Zumutbarkeit nicht kurzfristig behoben werden. Dazu geh\u00f6ren:<\/p>\n\n\n\n<p>Viele der Anleitungen und Hilfe-Artikeln im Support-Bereich (Help Desk) enthalten Bilder, die bisher \u00fcber keinen Alternativtext verf\u00fcgen. Die Bilder dienen jedoch lediglich der visuellen Untermauerung des ohnehin im Text beschriebenen. Diese Inhalte wurden zudem vor dem Inkrafttreten der aktuellen Barrierefreiheitsrichtlinien erstellt. Eine nachtr\u00e4gliche Anpassung dieser Inhalte w\u00fcrde unverh\u00e4ltnism\u00e4\u00dfig hohe Aufwendungen erfordern. Neue Inhalte werden jedoch nach den aktuellen Standards erstellt.<\/p>\n\n\n\n<p>Manche Anleitungen und Hilfe-Artikeln im Support-Bereich (Help Desk) verlinken direkt auf ein Video des Herstellers der Ger\u00e4te. Diese Videos sind unter Umst\u00e4nden nicht barrierefrei, bspw. da sie keine Untertitel aufweisen. Die Verantwortung f\u00fcr den Inhalt der Videos liegt auf Seiten der Verfasser der Videos. Eine Barrierefreiheit kann von clever-PV daher nicht gew\u00e4hrleistet werden.<\/p>\n\n\n\n<p>Viele der Texte im Cleverlog (Blog) enthalten Bilder und Links, die bisher \u00fcber keinen Alternativtext bzw. Beschreibung verf\u00fcgen. Diese Inhalte wurden vor dem Inkrafttreten der aktuellen Barrierefreiheitsrichtlinien erstellt. Eine nachtr\u00e4gliche Anpassung dieser Inhalte w\u00fcrde unverh\u00e4ltnism\u00e4\u00dfig hohe Aufwendungen erfordern. Neue Inhalte werden jedoch nach den aktuellen Standards erstellt.<\/p>\n\n\n\n<p>Wenige Artikel im Cleverlog (Blog) enthalten PDF-Dokumente, die bisher nicht barrierefrei sind. Diese Inhalte wurden vor dem Inkrafttreten der aktuellen Barrierefreiheitsrichtlinien erstellt. Eine nachtr\u00e4gliche Anpassung dieser Inhalte w\u00fcrde unverh\u00e4ltnism\u00e4\u00dfig hohe Aufwendungen erfordern. Neue Inhalte werden jedoch nach den aktuellen Standards erstellt.<\/p>\n\n\n\n<p><strong>Barrieren Melden, Feedback und Kontaktangaben<\/strong><\/p>\n\n\n\n<p>Sind dir Barrieren beim Zugang zu Inhalten von clever-PV aufgefallen? Dann kannst du dich gerne bei uns melden. Wir freuen uns auf dein Feedback und bem\u00fchen uns, die gemeldeten Barrieren in Rahmen der technischen und wirtschaftlichen M\u00f6glichkeiten schnellstm\u00f6glich zu beheben. Bitte teile uns mit, auf welche Seite und bei welcher Funktion du auf Barrieren gesto\u00dfen bist. Kopieren Sie hierf\u00fcr einfach den Link aus der Adresszeile Ihres Browsers. Sie k\u00f6nnen uns \u00fcber folgende Wege Barrieren melden:<\/p>\n\n\n\n<p>E-Mail: info@clever-pv.com<\/p>\n\n\n\n<p>Postanschrift: clever-PV GmbH, Sebastian-Rieger-Stra\u00dfe 18, 86899 Landsberg am Lech<\/p>\n\n\n\n<p><strong>Datum der Erstellung dieser Erkl\u00e4rung zur Barrierefreiheit<\/strong><\/p>\n\n\n\n<p>Diese Erkl\u00e4rung wurde am 7. Juli 2025 erstellt.<\/p>\n\n\n\n<p>Diese Erkl\u00e4rung zur Barrierefreiheit wurde mit gr\u00f6\u00dfter Sorgfalt erstellt und wird regelm\u00e4\u00dfig aktualisiert, um die aktuellen Anforderungen und Standards zu erf\u00fcllen. Dennoch k\u00f6nnen Fehler nicht v\u00f6llig ausgeschlossen werden. Falls Sie Fehler in dieser Erkl\u00e4rung finden, bitten wir um eine kurze R\u00fcckmeldung.<\/p>\n\n\n\n<p><\/p>","protected":false},"excerpt":{"rendered":"<p>clever-PV GmbHSebastian-Rieger-Stra\u00dfe 1886899 Landsberg am Lech clever-PV GmbH ist bestrebt, die App \u201cclever-PV\u201d sowie die Website www.clever-pv.com in \u00dcbereinstimmung mit dem Barrierefreiheitsst\u00e4rkungsgesetz (BFSG) barrierefrei zug\u00e4nglich zu machen. Diese Erkl\u00e4rung zur Barrierefreiheit gilt f\u00fcr die Website www.clever-pv.com, f\u00fcr die Webapp app.clever-pv.com sowie f\u00fcr die mobile App &#8222;clever-PV&#8220;. Stand: 07.07.2025 Stand der Vereinbarkeit mit den Anforderungen f\u00fcr [&#8230;] <a href=\"https:\/\/clever-pv.com\/en\/barrierefreiheit\/\">read more<\/a><\/p>","protected":false},"author":3,"featured_media":0,"parent":0,"menu_order":0,"comment_status":"closed","ping_status":"closed","template":"","meta":{"inline_featured_image":false,"footnotes":""},"class_list":["post-1581","page","type-page","status-publish","hentry"],"yoast_head":"<!-- This site is optimized with the Yoast SEO plugin v26.8 - https:\/\/yoast.com\/product\/yoast-seo-wordpress\/ -->\n<title>Barrierefreiheitserkl\u00e4rung - clever-PV<\/title>\n<meta name=\"robots\" content=\"index, follow, max-snippet:-1, max-image-preview:large, max-video-preview:-1\" \/>\n<link rel=\"canonical\" href=\"https:\/\/clever-pv.com\/en\/barrierefreiheit\/\" \/>\n<meta property=\"og:locale\" content=\"en_GB\" \/>\n<meta property=\"og:type\" content=\"article\" \/>\n<meta property=\"og:title\" content=\"Barrierefreiheitserkl\u00e4rung - clever-PV\" \/>\n<meta property=\"og:description\" content=\"clever-PV GmbHSebastian-Rieger-Stra\u00dfe 1886899 Landsberg am Lech clever-PV GmbH ist bestrebt, die App \u201cclever-PV\u201d sowie die Website www.clever-pv.com in \u00dcbereinstimmung mit dem Barrierefreiheitsst\u00e4rkungsgesetz (BFSG) barrierefrei zug\u00e4nglich zu machen. Diese Erkl\u00e4rung zur Barrierefreiheit gilt f\u00fcr die Website www.clever-pv.com, f\u00fcr die Webapp app.clever-pv.com sowie f\u00fcr die mobile App &#8222;clever-PV&#8220;. Stand: 07.07.2025 Stand der Vereinbarkeit mit den Anforderungen f\u00fcr [...] read more\" \/>\n<meta property=\"og:url\" content=\"https:\/\/clever-pv.com\/en\/barrierefreiheit\/\" \/>\n<meta property=\"og:site_name\" content=\"clever-PV\" \/>\n<meta property=\"article:modified_time\" content=\"2025-07-15T13:47:22+00:00\" \/>\n<meta name=\"twitter:card\" content=\"summary_large_image\" \/>\n<meta name=\"twitter:label1\" content=\"Estimated reading time\" \/>\n\t<meta name=\"twitter:data1\" content=\"3 minutes\" \/>\n<script type=\"application\/ld+json\" class=\"yoast-schema-graph\">{\"@context\":\"https:\/\/schema.org\",\"@graph\":[{\"@type\":\"WebPage\",\"@id\":\"https:\/\/clever-pv.com\/barrierefreiheit\/\",\"url\":\"https:\/\/clever-pv.com\/barrierefreiheit\/\",\"name\":\"Barrierefreiheitserkl\u00e4rung - clever-PV\",\"isPartOf\":{\"@id\":\"https:\/\/clever-pv.com\/de\/#website\"},\"datePublished\":\"2025-07-07T13:52:46+00:00\",\"dateModified\":\"2025-07-15T13:47:22+00:00\",\"breadcrumb\":{\"@id\":\"https:\/\/clever-pv.com\/barrierefreiheit\/#breadcrumb\"},\"inLanguage\":\"en-GB\",\"potentialAction\":[{\"@type\":\"ReadAction\",\"target\":[\"https:\/\/clever-pv.com\/barrierefreiheit\/\"]}]},{\"@type\":\"BreadcrumbList\",\"@id\":\"https:\/\/clever-pv.com\/barrierefreiheit\/#breadcrumb\",\"itemListElement\":[{\"@type\":\"ListItem\",\"position\":1,\"name\":\"Startseite\",\"item\":\"https:\/\/clever-pv.com\/\"},{\"@type\":\"ListItem\",\"position\":2,\"name\":\"Barrierefreiheitserkl\u00e4rung\"}]},{\"@type\":\"WebSite\",\"@id\":\"https:\/\/clever-pv.com\/de\/#website\",\"url\":\"https:\/\/clever-pv.com\/de\/\",\"name\":\"clever-PV\",\"description\":\"\",\"potentialAction\":[{\"@type\":\"SearchAction\",\"target\":{\"@type\":\"EntryPoint\",\"urlTemplate\":\"https:\/\/clever-pv.com\/de\/?s={search_term_string}\"},\"query-input\":{\"@type\":\"PropertyValueSpecification\",\"valueRequired\":true,\"valueName\":\"search_term_string\"}}],\"inLanguage\":\"en-GB\"}]}<\/script>\n<!-- \/ Yoast SEO plugin. -->","yoast_head_json":{"title":"Barrierefreiheitserkl\u00e4rung - clever-PV","robots":{"index":"index","follow":"follow","max-snippet":"max-snippet:-1","max-image-preview":"max-image-preview:large","max-video-preview":"max-video-preview:-1"},"canonical":"https:\/\/clever-pv.com\/en\/barrierefreiheit\/","og_locale":"en_GB","og_type":"article","og_title":"Barrierefreiheitserkl\u00e4rung - clever-PV","og_description":"clever-PV GmbHSebastian-Rieger-Stra\u00dfe 1886899 Landsberg am Lech clever-PV GmbH ist bestrebt, die App \u201cclever-PV\u201d sowie die Website www.clever-pv.com in \u00dcbereinstimmung mit dem Barrierefreiheitsst\u00e4rkungsgesetz (BFSG) barrierefrei zug\u00e4nglich zu machen. Diese Erkl\u00e4rung zur Barrierefreiheit gilt f\u00fcr die Website www.clever-pv.com, f\u00fcr die Webapp app.clever-pv.com sowie f\u00fcr die mobile App &#8222;clever-PV&#8220;. Stand: 07.07.2025 Stand der Vereinbarkeit mit den Anforderungen f\u00fcr [...] read more","og_url":"https:\/\/clever-pv.com\/en\/barrierefreiheit\/","og_site_name":"clever-PV","article_modified_time":"2025-07-15T13:47:22+00:00","twitter_card":"summary_large_image","twitter_misc":{"Estimated reading time":"3 minutes"},"schema":{"@context":"https:\/\/schema.org","@graph":[{"@type":"WebPage","@id":"https:\/\/clever-pv.com\/barrierefreiheit\/","url":"https:\/\/clever-pv.com\/barrierefreiheit\/","name":"Barrierefreiheitserkl\u00e4rung - clever-PV","isPartOf":{"@id":"https:\/\/clever-pv.com\/de\/#website"},"datePublished":"2025-07-07T13:52:46+00:00","dateModified":"2025-07-15T13:47:22+00:00","breadcrumb":{"@id":"https:\/\/clever-pv.com\/barrierefreiheit\/#breadcrumb"},"inLanguage":"en-GB","potentialAction":[{"@type":"ReadAction","target":["https:\/\/clever-pv.com\/barrierefreiheit\/"]}]},{"@type":"BreadcrumbList","@id":"https:\/\/clever-pv.com\/barrierefreiheit\/#breadcrumb","itemListElement":[{"@type":"ListItem","position":1,"name":"Startseite","item":"https:\/\/clever-pv.com\/"},{"@type":"ListItem","position":2,"name":"Barrierefreiheitserkl\u00e4rung"}]},{"@type":"WebSite","@id":"https:\/\/clever-pv.com\/de\/#website","url":"https:\/\/clever-pv.com\/de\/","name":"clever-PV","description":"","potentialAction":[{"@type":"SearchAction","target":{"@type":"EntryPoint","urlTemplate":"https:\/\/clever-pv.com\/de\/?s={search_term_string}"},"query-input":{"@type":"PropertyValueSpecification","valueRequired":true,"valueName":"search_term_string"}}],"inLanguage":"en-GB"}]}},"_links":{"self":[{"href":"https:\/\/clever-pv.com\/en\/wp-json\/wp\/v2\/pages\/1581","targetHints":{"allow":["GET"]}}],"collection":[{"href":"https:\/\/clever-pv.com\/en\/wp-json\/wp\/v2\/pages"}],"about":[{"href":"https:\/\/clever-pv.com\/en\/wp-json\/wp\/v2\/types\/page"}],"author":[{"embeddable":true,"href":"https:\/\/clever-pv.com\/en\/wp-json\/wp\/v2\/users\/3"}],"replies":[{"embeddable":true,"href":"https:\/\/clever-pv.com\/en\/wp-json\/wp\/v2\/comments?post=1581"}],"version-history":[{"count":1,"href":"https:\/\/clever-pv.com\/en\/wp-json\/wp\/v2\/pages\/1581\/revisions"}],"predecessor-version":[{"id":1583,"href":"https:\/\/clever-pv.com\/en\/wp-json\/wp\/v2\/pages\/1581\/revisions\/1583"}],"wp:attachment":[{"href":"https:\/\/clever-pv.com\/en\/wp-json\/wp\/v2\/media?parent=1581"}],"curies":[{"name":"wp","href":"https:\/\/api.w.org\/{rel}","templated":true}]}}