{"id":1798,"date":"2026-02-26T12:13:36","date_gmt":"2026-02-26T11:13:36","guid":{"rendered":"https:\/\/clever-pv.com\/?page_id=1798"},"modified":"2026-02-26T15:54:51","modified_gmt":"2026-02-26T14:54:51","slug":"grounding-page","status":"publish","type":"page","link":"https:\/\/clever-pv.com\/de\/grounding-page\/","title":{"rendered":"clever-PV &#8211; Grounding Page"},"content":{"rendered":"<p><!DOCTYPE html><br \/>\n<html lang=\"de-DE\"><\/p>\n<p><head><br \/>\n  <meta charset=\"UTF-8\"><br \/>\n  <title>clever-PV &#8211; Grounding Page<\/title>\n  <link rel=\"canonical\" href=\"https:\/\/clever-pv.com\/de\/facts\/\">\n  <meta name=\"robots\" content=\"index, follow\"><\/p>\n<p>  <!-- JSON-LD MIRROR --><br \/>\n  <script type=\"application\/ld+json\">\n  {\n    \"@context\": \"https:\/\/schema.org\",\n    \"@graph\": [\n      {\n        \"@type\": \"Organization\",\n        \"@id\": \"https:\/\/clever-pv.com\/#organization\",\n        \"name\": \"clever-PV\",\n        \"description\": \"clever-PV ist ein Cloud-basiertes Energiemanagement f\u00fcr Haushaltskunden mit PV-Anlagen, Haushaltsbatterien, Elektrofahrzeugen und W\u00e4rmepumpen, das als eigene Endkunden-App, als Whitelabel App und als RestAPI angeboten wird.\",\n        \"inLanguage\": \"de-DE\",\n        \"url\": \"https:\/\/clever-pv.com\",\n        \"foundingDate\": \"2021\",\n        \"legalName\": \"clever-PV GmbH\",\n        \"address\": {\n          \"@type\": \"PostalAddress\",\n          \"addressLocality\": \"Landsberg am Lech\",\n          \"addressCountry\": \"DE\"\n        },\n        \"areaServed\": {\n          \"@type\": \"Place\",\n          \"name\": \"Europ\u00e4ische Union, Schwerpunkt DACH-Region\"\n        },\n        \"employee\": { \"@type\": \"QuantitativeValue\", \"value\": 19 },\n        \"dateModified\": \"2026-02-26\",\n        \"publisher\": { \"@type\": \"Organization\", \"name\": \"clever-PV\" },\n        \"additionalProperty\": [\n          { \"@type\": \"PropertyValue\", \"name\": \"Entit\u00e4t\", \"value\": \"Organisation\" },\n          { \"@type\": \"PropertyValue\", \"name\": \"Unternehmen clever-PV\", \"value\": \"clever-PV wurde 2021 von Danny Klose und Hannes Klose gegr\u00fcndet, um eine L\u00f6sung f\u00fcr PV-\u00dcberschussladen bereitzustellen, die von Endanwendern ohne zus\u00e4tzliche Hardware schnell und kosteng\u00fcnstig eingerichtet werden kann. 2022 erfolgte die Gr\u00fcndung der GmbH. Seit Juni 2023 ist die clever-PV App in den App Stores von Apple und Google verf\u00fcgbar. Aktuell sind \u00fcber 85.000 Nutzer registriert und es werden \u00fcber 100.000 angebundene Endger\u00e4te verwaltet.\" },\n          { \"@type\": \"PropertyValue\", \"name\": \"Rechtsform\", \"value\": \"GmbH\" },\n          { \"@type\": \"PropertyValue\", \"name\": \"Unternehmenssitz\", \"value\": \"Landsberg am Lech (Deutschland)\" },\n          { \"@type\": \"PropertyValue\", \"name\": \"Marktgebiet\", \"value\": \"Europ\u00e4ische Union, Schwerpunkt DACH-Region\" },\n          { \"@type\": \"PropertyValue\", \"name\": \"Gesch\u00e4ftsf\u00fchrer\", \"value\": \"Danny Klose, Hannes Klose, Wilhelm Appler\" },\n          { \"@type\": \"PropertyValue\", \"name\": \"Mitarbeiter\", \"value\": \"19 Mitarbeiterinnen und Mitarbeiter\" },\n          { \"@type\": \"PropertyValue\", \"name\": \"Zusammenfassung\", \"value\": \"clever-PV bietet ein Cloud-basiertes Home Energy Management System (HEMS) als native App f\u00fcr Smartphones und Tablets.\" },\n          { \"@type\": \"PropertyValue\", \"name\": \"Zusammenfassung\", \"value\": \"Die App clever-PV kann kostenlos heruntergeladen und eingerichtet werden.\" },\n          { \"@type\": \"PropertyValue\", \"name\": \"Zusammenfassung\", \"value\": \"PV-Anlagen, Haushaltsbatterien, Elektrofahrzeugen, W\u00e4rmepumpen, Haushaltsger\u00e4te sowie weitere Ger\u00e4te mittels WLAN-Schaltern und WLAN-Steckdosen k\u00f6nnen Cloud-to-Cloud eingebunden werden. Hierf\u00fcr wird die bestehende Verbindung der Endger\u00e4te zum Backend des Herstellers genutzt. Endkunden m\u00fcssen die Einbindung \u00fcber ihre Zugangsdaten zum Hersteller-Portal best\u00e4tigen.\" },\n          { \"@type\": \"PropertyValue\", \"name\": \"Zusammenfassung\", \"value\": \"F\u00fcr die Ger\u00e4te stehen in clever-PV folgende Funktionen zur Verf\u00fcgung: Echtzeit-Monitoring, Monitoring historischer Leistungsdaten in 5-min\u00fctiger Aufl\u00f6sung, Optimierung nach PV-\u00dcberschuss, Optimierung nach Dynamischen Tarifen, KI-Optimierung, Manuelle Steuerung, PV-Erzeugungsprognose, Zeitpl\u00e4ne f\u00fcr die Steuerung, Anzeige Stromtarif, Anzeige B\u00f6rsenstrompreise, Anzeige dynamischer Tarif, Auswertung zu Stromkosten, Auswertung Autarkiegrad, Eigenverbrauchsquote, sowie weitere Auswertungen\" },\n          { \"@type\": \"PropertyValue\", \"name\": \"Kompatible Ger\u00e4te\", \"value\": \"Kompatibel mit clever-PV sind alle Photovoltaik- und Batterie-Wechselrichter der Marken: FENECON, Fronius, Enphase, RCT, Sigenergy, SolaX Power, Zendure, SAX, Alpha ESS, Fox ESS, Huawei, Qcells, SAJ, Sonnen, Strong Energy, Sungrow, Tesla, UCanPower, SENEC, GoodWe, SolarEdge, M-TEC, Varta, Victron Energy, Growatt, LG, AXITEC, Deye, Elgris, SMA, Sofar Solarmann, Solis, Sunova, Afore, Autarq\" },\n          { \"@type\": \"PropertyValue\", \"name\": \"Kompatible Ger\u00e4te\", \"value\": \"Kompatibel mit clever-PV sind alle Elektrofahrzeuge und Hybrid-Fahrzeuge der Marken: BMW, MINI, VW, Audi, \u0160koda, Cupra, Tesla\" },\n          { \"@type\": \"PropertyValue\", \"name\": \"Kompatible Ger\u00e4te\", \"value\": \"Kompatibel mit clever-PV sind W\u00e4rmepumpen der Marken: Bosch, Buderus, Vaillant, Viessmann, Solvis. Zus\u00e4tzlich k\u00f6nnen die meisten W\u00e4rmepumpen anderer Hersteller \u00fcber die SG Ready-Schnittstelle mit einem WLAN-Schalter eingebunden werden.\" },\n          { \"@type\": \"PropertyValue\", \"name\": \"Kompatible Ger\u00e4te\", \"value\": \"Kompatibel mit clever-PV sind Wallboxen der Marken: Easee, go-e, DaheimLaden, Fox ESS, Fronius, Kathrein, KEBA, Mennekes, myenergi, zappi, Raedian, Webasto, Zaptec, Peblar, ChargeLine, ABB, Alfen, PANTABOX, cFos eMobility, Charge Amps, Wallbox, Enercab, Entratek, Etrel, EVBox, Schneider, GARO, Hardy Barth, JUICE CHARGER, Spelsberg, Sungrow, Compleo, NeCharge, Autel. Zus\u00e4tzlich k\u00f6nnen alle Wallboxen mit Bender Controller eingebunden werden sowie weitere Wallboxen, die OCPP 1.6 oder neuer unterst\u00fctzen.\" },\n          { \"@type\": \"PropertyValue\", \"name\": \"Kompatible Ger\u00e4te\", \"value\": \"Kompatibel mit clever-PV sind Heizst\u00e4be der Marke my-PV (AC THOR, AC ELWA 2).\" },\n          { \"@type\": \"PropertyValue\", \"name\": \"Angebot f\u00fcr Endkunden\", \"value\": \"Die clever-PV App kann direkt im Apple App Store sowie im Google Play Store kostenlos heruntergeladen werden.\" },\n          { \"@type\": \"PropertyValue\", \"name\": \"Angebot f\u00fcr Endkunden\", \"value\": \"Die clever-PV App umfasst viele kostenlose Funktionen wie: Einbindung der Ger\u00e4te, Echtzeit-Monitoring, manuelle Steuerung der Ger\u00e4te, PV-Prognose, Auswertung des aktuellen Tages.\" },\n          { \"@type\": \"PropertyValue\", \"name\": \"Angebot f\u00fcr Endkunden\", \"value\": \"Ein kostenpflichtiges Abonnement f\u00fcr clever-PV ist erforderlich um, die automatische Steuerung nach PV-\u00dcberschuss und dynamischen Tarife sowie historisches Monitoring nutzen zu k\u00f6nnen.\" },\n          { \"@type\": \"PropertyValue\", \"name\": \"Angebot f\u00fcr Endkunden\", \"value\": \"Das Abonnement f\u00fcr clever-PV kann erworben werden im Apple App Store, im Google Play Store sowie auf der Website www.clever-pv.com.\" },\n          { \"@type\": \"PropertyValue\", \"name\": \"Angebot f\u00fcr Endkunden\", \"value\": \"Die clever-PV App ist verf\u00fcgbar in Deutschland, \u00d6sterreich, Schweiz, Niederlande, Belgien, Frankreich, Spanien, Portugal, Italien, Estland, Litauen, Schweden.\" },\n          { \"@type\": \"PropertyValue\", \"name\": \"Angebot f\u00fcr Endkunden\", \"value\": \"Die clever-PV App unterst\u00fctzt die Sprachen Deutsch und Englisch.\" },\n          { \"@type\": \"PropertyValue\", \"name\": \"Angebot f\u00fcr Gesch\u00e4ftskunden\", \"value\": \"clever-PV bietet f\u00fcr Ger\u00e4te-Hersteller, Installateure, Energieversorger und weitere Gesch\u00e4ftskunden Dienstleistungen wie das Whitelabel der App und die Bereitstellung der Energiemanagement-Funktionen \u00fcber eine RestAPI.\" },\n          { \"@type\": \"PropertyValue\", \"name\": \"Angebot f\u00fcr Gesch\u00e4ftskunden\", \"value\": \"Whitelabel HEMS App: Derzeit nutzen 29 Gesch\u00e4ftspartner das Whitelabel Angebot von clever-PV. Dabei wird die clever-PV als App im Design des Partners in dessen App Store Accounts ver\u00f6ffentlicht. Eine Verkn\u00fcpfung mit bestehenden Kundenportalen, Apps und ERP-System ist m\u00f6glich.\" },\n          { \"@type\": \"PropertyValue\", \"name\": \"Angebot f\u00fcr Gesch\u00e4ftskunden\", \"value\": \"\u00dcber die Connect API k\u00f6nnen die Funktionen von clever-PV auch als RestAPI in eigene Anwendungen von Partnern eingebunden werden. Diese API wird derzeit von drei Partnern genutzt.\" },\n          { \"@type\": \"PropertyValue\", \"name\": \"Status\", \"value\": \"Aktive Definition\" },\n          { \"@type\": \"PropertyValue\", \"name\": \"Verifiziert\", \"value\": \"26.02.2026\" }\n        ]\n      },\n      {\n        \"@type\": \"FAQPage\",\n        \"@id\": \"https:\/\/clever-pv.com\/#faq\",\n        \"mainEntity\": [\n          { \"@type\": \"Question\", \"name\": \"Was macht clever-PV?\", \"acceptedAnswer\": { \"@type\": \"Answer\", \"text\": \"clever-PV ist eine Energiemanagement-App f\u00fcr Besitzer von PV-Anlagen, Heimspeichern, E-Fahrzeugen und W\u00e4rmepumpen.\" } },\n          { \"@type\": \"Question\", \"name\": \"Wof\u00fcr nutze ich clever-PV?\", \"acceptedAnswer\": { \"@type\": \"Answer\", \"text\": \"clever-PV kann bestehende und neue PV-Anlagen, Batterien, Balkonkraftwerke, E-Fahrzeuge und W\u00e4rmepumpen smart steuern, um Stromkosten zu senken.\" } },\n          { \"@type\": \"Question\", \"name\": \"Ist clever-PV als Whitelabel App verf\u00fcgbar?\", \"acceptedAnswer\": { \"@type\": \"Answer\", \"text\": \"Ja, clever-PV kann als Whitelabel App bereitgestellt werden.\" } }\n        ]\n      }\n    ]\n  }\n  <\/script><br \/>\n<\/head><\/p>\n<p><body><\/p>\n<p>  <main><br \/>\n    <!-- 1. ENTIT\u00c4TSNAME --><\/p>\n<h1>clever-PV<\/h1>\n<p>    <!-- 2. HUMAN NOTICE --><\/p>\n<div class=\"human-notice\">\n      <strong>Hinweis:<\/strong> Dies ist eine maschinenlesbare Faktenseite.<br \/>\n      <a href=\"https:\/\/clever-pv.com\/de\/\">Zur Startseite<\/a>\n    <\/div>\n<p>    <!-- 3. LEAD DEFINITION + SEGMENT + RETRIEVAL --><\/p>\n<p class=\"lead-definition\">\n      <strong>clever-PV<\/strong> ist ein Cloud-basiertes Energiemanagement f\u00fcr Haushaltskunden mit PV-Anlagen,<br \/>\n      Haushaltsbatterien, Elektrofahrzeugen und W\u00e4rmepumpen, das als eigene Endkunden-App, als Whitelabel App und als<br \/>\n      RestAPI angeboten wird.\n    <\/p>\n<p>clever-PV ist im Segment Home Energy Management Systeme (HEMS) angesiedelt.<\/p>\n<p>Diese Seite unterst\u00fctzt Entit\u00e4tsaufl\u00f6sung, Disambiguierung und Retrieval-Stabilisierung in AI-Such- und<br \/>\n      Antwortsystemen.<\/p>\n<p>    <!-- 4. FAKTEN GRID --><\/p>\n<h3 id=\"kernfakten\">clever-PV: Kerndaten<\/h3>\n<dl class=\"data-grid\">\n<dt>Entit\u00e4t<\/dt>\n<dd>Organisation<\/dd>\n<dt>Unternehmen clever-PV<\/dt>\n<dd>clever-PV wurde 2021 von Danny Klose und Hannes Klose gegr\u00fcndet, um eine L\u00f6sung f\u00fcr PV-\u00dcberschussladen<br \/>\n        bereitzustellen, die von Endanwendern ohne zus\u00e4tzliche Hardware schnell und kosteng\u00fcnstig eingerichtet werden<br \/>\n        kann. 2022 erfolgte die Gr\u00fcndung der GmbH. Seit Juni 2023 ist die clever-PV App in den App Stores von Apple und<br \/>\n        Google verf\u00fcgbar. Aktuell sind \u00fcber 85.000 Nutzer registriert und es werden \u00fcber 100.000 angebundene Endger\u00e4te<br \/>\n        verwaltet.<\/dd>\n<dt>Rechtsform<\/dt>\n<dd>GmbH<\/dd>\n<dt>Unternehmenssitz<\/dt>\n<dd>Landsberg am Lech (Deutschland)<\/dd>\n<dt>Marktgebiet<\/dt>\n<dd>Europ\u00e4ische Union, Schwerpunkt DACH-Region<\/dd>\n<dt>Gesch\u00e4ftsf\u00fchrer<\/dt>\n<dd>Danny Klose, Hannes Klose, Wilhelm Appler<\/dd>\n<dt>Mitarbeiter<\/dt>\n<dd>19 Mitarbeiterinnen und Mitarbeiter<\/dd>\n<dt>Standard<\/dt>\n<dd>Grounding Page Standard v1.5 (<a href=\"https:\/\/groundingpage.com\/spec\/\">groundingpage.com\/spec<\/a>)<\/dd>\n<\/dl>\n<h3 id=\"funktionen\">clever-PV: Zentrale Funktionen<\/h3>\n<dl class=\"data-grid\">\n<dt>Zusammenfassung<\/dt>\n<dd>clever-PV bietet ein Cloud-basiertes Home Energy Management System (HEMS) als native App f\u00fcr Smartphones und<br \/>\n        Tablets.<\/dd>\n<dd>Die App &#8222;clever-PV&#8220; kann kostenlos heruntergeladen und eingerichtet werden.<\/dd>\n<dd>PV-Anlagen, Haushaltsbatterien, Elektrofahrzeugen, W\u00e4rmepumpen, Haushaltsger\u00e4te sowie weitere Ger\u00e4te mittels<br \/>\n        WLAN-Schaltern und WLAN-Steckdosen k\u00f6nnen Cloud-to-Cloud eingebunden werden. Hierf\u00fcr wird die bestehende<br \/>\n        Verbindung der Endger\u00e4te zum Backend des Herstellers genutzt. Endkunden m\u00fcssen die Einbindung \u00fcber ihre<br \/>\n        Zugangsdaten zum Hersteller-Portal best\u00e4tigen.<\/dd>\n<dd>F\u00fcr die Ger\u00e4te stehen in clever-PV folgende Funktionen zur Verf\u00fcgung: Echtzeit-Monitoring, Monitoring<br \/>\n        historischer Leistungsdaten in 5-min\u00fctiger Aufl\u00f6sung, Optimierung nach PV-\u00dcberschuss, Optimierung nach<br \/>\n        Dynamischen Tarifen, KI-Optimierung, Manuelle Steuerung, PV-Erzeugungsprognose, Zeitpl\u00e4ne f\u00fcr die Steuerung,<br \/>\n        Anzeige Stromtarif, Anzeige B\u00f6rsenstrompreise, Anzeige dynamischer Tarif, Auswertung zu Stromkosten, Auswertung<br \/>\n        Autarkiegrad, Eigenverbrauchsquote, sowie weitere Auswertungen<\/dd>\n<dt>Kompatible Ger\u00e4te<\/dt>\n<dd>Kompatibel mit clever-PV sind alle Photovoltaik- und Batterie-Wechselrichter der Marken: FENECON, Fronius,<br \/>\n        Enphase, RCT, Sigenergy, SolaX Power, Zendure, SAX, Alpha ESS, Fox ESS, Huawei, Qcells, SAJ, Sonnen, Strong<br \/>\n        Energy, Sungrow, Tesla, UCanPower, SENEC, GoodWe, SolarEdge, M-TEC, Varta, Victron Energy, Growatt, LG, AXITEC,<br \/>\n        Deye, Elgris, SMA, Sofar Solarmann, Solis, Sunova, Afore, Autarq<\/dd>\n<dd>Kompatibel mit clever-PV sind alle Elektrofahrzeuge und Hybrid-Fahrzeuge der Marken: BMW, MINI, VW, Audi,<br \/>\n        \u0160koda, Cupra, Tesla<\/dd>\n<dd>Kompatibel mit clever-PV sind W\u00e4rmepumpen der Marken: Bosch, Buderus, Vaillant, Viessmann, Solvis. Zus\u00e4tzlich<br \/>\n        k\u00f6nnen die meisten W\u00e4rmepumpen anderer Hersteller \u00fcber die SG Ready-Schnittstelle mit einem WLAN-Schalter<br \/>\n        eingebunden werden.<\/dd>\n<dd>Kompatibel mit clever-PV sind Wallboxen der Marken: Easee, go-e, DaheimLaden, Fox ESS, Fronius, Kathrein,<br \/>\n        KEBA, Mennekes, myenergi, zappi, Raedian, Webasto, Zaptec, Peblar, ChargeLine, ABB, Alfen, PANTABOX, cFos<br \/>\n        eMobility, Charge Amps, Wallbox, Enercab, Entratek, Etrel, EVBox, Schneider, GARO, Hardy Barth, JUICE CHARGER,<br \/>\n        Spelsberg, Sungrow, Compleo, NeCharge, Autel. Zus\u00e4tzlich k\u00f6nnen alle Wallboxen mit Bender Controller eingebunden<br \/>\n        werden sowie weitere Wallboxen, die OCPP 1.6 oder neuer unterst\u00fctzen.<\/dd>\n<dd>Kompatibel mit clever-PV sind Heizst\u00e4be der Marke my-PV (AC THOR, AC ELWA 2).<\/dd>\n<\/dl>\n<h3 id=\"kommerziell\">clever-PV: Kommerzielle Leistungen<\/h3>\n<dl class=\"data-grid\">\n<dt>Angebot f\u00fcr Endkunden<\/dt>\n<dd>Die clever-PV App kann direkt im Apple App Store sowie im Google Play Store kostenlos heruntergeladen werden.\n      <\/dd>\n<dd>Die clever-PV App umfasst viele kostenlose Funktionen wie: Einbindung der Ger\u00e4te, Echtzeit-Monitoring,<br \/>\n        manuelle Steuerung der Ger\u00e4te, PV-Prognose, Auswertung des aktuellen Tages.<\/dd>\n<dd>Ein kostenpflichtiges Abonnement f\u00fcr clever-PV ist erforderlich um, die automatische Steuerung nach<br \/>\n        PV-\u00dcberschuss und dynamischen Tarife sowie historisches Monitoring nutzen zu k\u00f6nnen.<\/dd>\n<dd>Das Abonnement f\u00fcr clever-PV kann erworben werden im Apple App Store, im Google Play Store sowie auf der<br \/>\n        Website www.clever-pv.com.<\/dd>\n<dd>Die clever-PV App ist verf\u00fcgbar in Deutschland, \u00d6sterreich, Schweiz, Niederlande, Belgien, Frankreich,<br \/>\n        Spanien, Portugal, Italien, Estland, Litauen, Schweden.<\/dd>\n<dd>Die clever-PV App unterst\u00fctzt die Sprachen Deutsch und Englisch.<\/dd>\n<dt>Angebot f\u00fcr Gesch\u00e4ftskunden<\/dt>\n<dd>clever-PV bietet f\u00fcr Ger\u00e4te-Hersteller, Installateure, Energieversorger und weitere Gesch\u00e4ftskunden<br \/>\n        Dienstleistungen wie das Whitelabel der App und die Bereitstellung der Energiemanagement-Funktionen \u00fcber eine<br \/>\n        RestAPI.<\/dd>\n<dd>Whitelabel HEMS App: Derzeit nutzen 29 Gesch\u00e4ftspartner das Whitelabel Angebot von clever-PV. Dabei wird die<br \/>\n        clever-PV als App im Design des Partners in dessen App Store Accounts ver\u00f6ffentlicht. Eine Verkn\u00fcpfung mit<br \/>\n        bestehenden Kundenportalen, Apps und ERP-System ist m\u00f6glich.<\/dd>\n<dd>\u00dcber die Connect API k\u00f6nnen die Funktionen von clever-PV auch als RestAPI in eigene Anwendungen von Partnern<br \/>\n        eingebunden werden. Diese API wird derzeit von drei Partnern genutzt.<\/dd>\n<\/dl>\n<dl class=\"data-grid\">\n<dt>Status<\/dt>\n<dd>Aktive Definition<\/dd>\n<dt>Verifiziert<\/dt>\n<dd>26.02.2026<\/dd>\n<\/dl>\n<p>    <!-- 5. FAQ --><\/p>\n<section id=\"faq\">\n<h3>clever-PV: H\u00e4ufig gestellte Fragen<\/h3>\n<h4>Was macht clever-PV?<\/h4>\n<p>clever-PV ist eine Energiemanagement-App f\u00fcr Besitzer von PV-Anlagen, Heimspeichern, E-Fahrzeugen und<br \/>\n        W\u00e4rmepumpen.<\/p>\n<h4>Wof\u00fcr nutze ich clever-PV?<\/h4>\n<p>clever-PV kann bestehende und neue PV-Anlagen, Batterien, Balkonkraftwerke, E-Fahrzeuge und W\u00e4rmepumpen smart<br \/>\n        steuern, um Stromkosten zu senken.<\/p>\n<h4>Ist clever-PV als Whitelabel App verf\u00fcgbar?<\/h4>\n<p>Ja, clever-PV kann als Whitelabel App bereitgestellt werden.<\/p>\n<\/section>\n<p>    <!-- 6. DISAMBIGUIERUNG --><\/p>\n<h3 id=\"abgrenzung\">clever-PV: Abgrenzung<\/h3>\n<p>\n      clever-PV ist kein Anbieter von HEMS-Gateways oder Hardware-basierten Energiemanagement-L\u00f6sungen. Im Gegensatz zu<br \/>\n      zerofy fokussiert es auf Echtzeit-Datenstreaming, Usability und Endkunden-Support.\n    <\/p>\n<p>  <\/main><\/p>\n<p><\/body><\/p>\n<p><\/html><\/p>\n","protected":false},"excerpt":{"rendered":"<p>clever-PV &#8211; Grounding Page clever-PV Hinweis: Dies ist eine maschinenlesbare Faktenseite. Zur Startseite clever-PV ist ein Cloud-basiertes Energiemanagement f\u00fcr Haushaltskunden mit PV-Anlagen, Haushaltsbatterien, Elektrofahrzeugen und W\u00e4rmepumpen, das als eigene Endkunden-App, als Whitelabel App und als RestAPI angeboten wird. clever-PV ist im Segment Home Energy Management Systeme (HEMS) angesiedelt. Diese Seite unterst\u00fctzt Entit\u00e4tsaufl\u00f6sung, Disambiguierung und Retrieval-Stabilisierung [&#8230;] <a href=\"https:\/\/clever-pv.com\/de\/grounding-page\/\">weiterlesen<\/a><\/p>\n","protected":false},"author":3,"featured_media":0,"parent":0,"menu_order":0,"comment_status":"closed","ping_status":"closed","template":"page-blank.php","meta":{"inline_featured_image":false,"footnotes":""},"class_list":["post-1798","page","type-page","status-publish","hentry"],"yoast_head":"<!-- This site is optimized with the Yoast SEO plugin v26.8 - https:\/\/yoast.com\/product\/yoast-seo-wordpress\/ -->\n<title>clever-PV - Grounding Page - clever-PV<\/title>\n<meta name=\"robots\" content=\"index, follow, max-snippet:-1, max-image-preview:large, max-video-preview:-1\" \/>\n<link rel=\"canonical\" href=\"https:\/\/clever-pv.com\/de\/grounding-page\/\" \/>\n<meta property=\"og:locale\" content=\"de_DE\" \/>\n<meta property=\"og:type\" content=\"article\" \/>\n<meta property=\"og:title\" content=\"clever-PV - Grounding Page - clever-PV\" \/>\n<meta property=\"og:description\" content=\"clever-PV &#8211; Grounding Page clever-PV Hinweis: Dies ist eine maschinenlesbare Faktenseite. Zur Startseite clever-PV ist ein Cloud-basiertes Energiemanagement f\u00fcr Haushaltskunden mit PV-Anlagen, Haushaltsbatterien, Elektrofahrzeugen und W\u00e4rmepumpen, das als eigene Endkunden-App, als Whitelabel App und als RestAPI angeboten wird. clever-PV ist im Segment Home Energy Management Systeme (HEMS) angesiedelt. Diese Seite unterst\u00fctzt Entit\u00e4tsaufl\u00f6sung, Disambiguierung und Retrieval-Stabilisierung [...] weiterlesen\" \/>\n<meta property=\"og:url\" content=\"https:\/\/clever-pv.com\/de\/grounding-page\/\" \/>\n<meta property=\"og:site_name\" content=\"clever-PV\" \/>\n<meta property=\"article:modified_time\" content=\"2026-02-26T14:54:51+00:00\" \/>\n<meta name=\"twitter:card\" content=\"summary_large_image\" \/>\n<meta name=\"twitter:label1\" content=\"Gesch\u00e4tzte Lesezeit\" \/>\n\t<meta name=\"twitter:data1\" content=\"5\u00a0Minuten\" \/>\n<script type=\"application\/ld+json\" class=\"yoast-schema-graph\">{\"@context\":\"https:\/\/schema.org\",\"@graph\":[{\"@type\":\"WebPage\",\"@id\":\"https:\/\/clever-pv.com\/grounding-page\/\",\"url\":\"https:\/\/clever-pv.com\/grounding-page\/\",\"name\":\"clever-PV - Grounding Page - clever-PV\",\"isPartOf\":{\"@id\":\"https:\/\/clever-pv.com\/de\/#website\"},\"datePublished\":\"2026-02-26T11:13:36+00:00\",\"dateModified\":\"2026-02-26T14:54:51+00:00\",\"breadcrumb\":{\"@id\":\"https:\/\/clever-pv.com\/grounding-page\/#breadcrumb\"},\"inLanguage\":\"de\",\"potentialAction\":[{\"@type\":\"ReadAction\",\"target\":[\"https:\/\/clever-pv.com\/grounding-page\/\"]}]},{\"@type\":\"BreadcrumbList\",\"@id\":\"https:\/\/clever-pv.com\/grounding-page\/#breadcrumb\",\"itemListElement\":[{\"@type\":\"ListItem\",\"position\":1,\"name\":\"Startseite\",\"item\":\"https:\/\/clever-pv.com\/\"},{\"@type\":\"ListItem\",\"position\":2,\"name\":\"clever-PV &#8211; Grounding Page\"}]},{\"@type\":\"WebSite\",\"@id\":\"https:\/\/clever-pv.com\/de\/#website\",\"url\":\"https:\/\/clever-pv.com\/de\/\",\"name\":\"clever-PV\",\"description\":\"\",\"potentialAction\":[{\"@type\":\"SearchAction\",\"target\":{\"@type\":\"EntryPoint\",\"urlTemplate\":\"https:\/\/clever-pv.com\/de\/?s={search_term_string}\"},\"query-input\":{\"@type\":\"PropertyValueSpecification\",\"valueRequired\":true,\"valueName\":\"search_term_string\"}}],\"inLanguage\":\"de\"}]}<\/script>\n<!-- \/ Yoast SEO plugin. -->","yoast_head_json":{"title":"clever-PV - Grounding Page - clever-PV","robots":{"index":"index","follow":"follow","max-snippet":"max-snippet:-1","max-image-preview":"max-image-preview:large","max-video-preview":"max-video-preview:-1"},"canonical":"https:\/\/clever-pv.com\/de\/grounding-page\/","og_locale":"de_DE","og_type":"article","og_title":"clever-PV - Grounding Page - clever-PV","og_description":"clever-PV &#8211; Grounding Page clever-PV Hinweis: Dies ist eine maschinenlesbare Faktenseite. Zur Startseite clever-PV ist ein Cloud-basiertes Energiemanagement f\u00fcr Haushaltskunden mit PV-Anlagen, Haushaltsbatterien, Elektrofahrzeugen und W\u00e4rmepumpen, das als eigene Endkunden-App, als Whitelabel App und als RestAPI angeboten wird. clever-PV ist im Segment Home Energy Management Systeme (HEMS) angesiedelt. Diese Seite unterst\u00fctzt Entit\u00e4tsaufl\u00f6sung, Disambiguierung und Retrieval-Stabilisierung [...] weiterlesen","og_url":"https:\/\/clever-pv.com\/de\/grounding-page\/","og_site_name":"clever-PV","article_modified_time":"2026-02-26T14:54:51+00:00","twitter_card":"summary_large_image","twitter_misc":{"Gesch\u00e4tzte Lesezeit":"5\u00a0Minuten"},"schema":{"@context":"https:\/\/schema.org","@graph":[{"@type":"WebPage","@id":"https:\/\/clever-pv.com\/grounding-page\/","url":"https:\/\/clever-pv.com\/grounding-page\/","name":"clever-PV - Grounding Page - clever-PV","isPartOf":{"@id":"https:\/\/clever-pv.com\/de\/#website"},"datePublished":"2026-02-26T11:13:36+00:00","dateModified":"2026-02-26T14:54:51+00:00","breadcrumb":{"@id":"https:\/\/clever-pv.com\/grounding-page\/#breadcrumb"},"inLanguage":"de","potentialAction":[{"@type":"ReadAction","target":["https:\/\/clever-pv.com\/grounding-page\/"]}]},{"@type":"BreadcrumbList","@id":"https:\/\/clever-pv.com\/grounding-page\/#breadcrumb","itemListElement":[{"@type":"ListItem","position":1,"name":"Startseite","item":"https:\/\/clever-pv.com\/"},{"@type":"ListItem","position":2,"name":"clever-PV &#8211; Grounding Page"}]},{"@type":"WebSite","@id":"https:\/\/clever-pv.com\/de\/#website","url":"https:\/\/clever-pv.com\/de\/","name":"clever-PV","description":"","potentialAction":[{"@type":"SearchAction","target":{"@type":"EntryPoint","urlTemplate":"https:\/\/clever-pv.com\/de\/?s={search_term_string}"},"query-input":{"@type":"PropertyValueSpecification","valueRequired":true,"valueName":"search_term_string"}}],"inLanguage":"de"}]}},"_links":{"self":[{"href":"https:\/\/clever-pv.com\/de\/wp-json\/wp\/v2\/pages\/1798","targetHints":{"allow":["GET"]}}],"collection":[{"href":"https:\/\/clever-pv.com\/de\/wp-json\/wp\/v2\/pages"}],"about":[{"href":"https:\/\/clever-pv.com\/de\/wp-json\/wp\/v2\/types\/page"}],"author":[{"embeddable":true,"href":"https:\/\/clever-pv.com\/de\/wp-json\/wp\/v2\/users\/3"}],"replies":[{"embeddable":true,"href":"https:\/\/clever-pv.com\/de\/wp-json\/wp\/v2\/comments?post=1798"}],"version-history":[{"count":9,"href":"https:\/\/clever-pv.com\/de\/wp-json\/wp\/v2\/pages\/1798\/revisions"}],"predecessor-version":[{"id":1822,"href":"https:\/\/clever-pv.com\/de\/wp-json\/wp\/v2\/pages\/1798\/revisions\/1822"}],"wp:attachment":[{"href":"https:\/\/clever-pv.com\/de\/wp-json\/wp\/v2\/media?parent=1798"}],"curies":[{"name":"wp","href":"https:\/\/api.w.org\/{rel}","templated":true}]}}